{"id":665,"date":"2017-02-15T10:37:22","date_gmt":"2017-02-15T09:37:22","guid":{"rendered":"http:\/\/www.missvoon.se\/jobb\/"},"modified":"2017-03-09T08:41:04","modified_gmt":"2017-03-09T07:41:04","slug":"career","status":"publish","type":"page","link":"https:\/\/missvoon.se\/en\/career\/","title":{"rendered":"Work with us"},"content":{"rendered":"<div class=\"wpb-content-wrapper\"><p>[vc_row section_padding_top=&#8221;section-top-super-padding&#8221; section_padding_bottom=&#8221;section-bottom-super-padding&#8221; section_height=&#8221;450px&#8221; section_text_color=&#8221;#ffffff&#8221; section_bg_image=&#8221;http:\/\/www.missvoon.se\/wp-content\/uploads\/2017\/03\/JonasSvensson038.jpg&#8221; section_bg_overlay=&#8221;rgba(0,0,0,0.2)&#8221; section_bg_position=&#8221;section-bg-positon-bottom-center&#8221;][vc_column][vc_empty_space height=&#8221;30px&#8221;][vc_column_text]<\/p>\n<h1 style=\"text-align: center;\">Work with us<\/h1>\n<p>[\/vc_column_text][vc_empty_space height=&#8221;30px&#8221;][\/vc_column][\/vc_row][vc_row][vc_column width=&#8221;1\/2&#8243;][vc_column_text]<\/p>\n<blockquote>\n<p style=\"text-align: center;\">&#8220;<\/p>\n<p style=\"text-align: center;\">Life with restaurant is just like any athlete or musician, it&#8217;s about the team, the community and presence. Everything can be bought in addition to genuine emotion and energy, that can only be created by us!<\/p>\n<\/blockquote>\n<p>[\/vc_column_text][tb_image src=&#8221;599&#8243; content_style=&#8221;portrait&#8221; content_size=&#8221;true&#8221; image_margin_top=&#8221;section-top-margin&#8221;][\/vc_column][vc_column width=&#8221;1\/2&#8243;]<script type=\"text\/javascript\">\n\/* <![CDATA[ *\/\nvar gform;gform||(document.addEventListener(\"gform_main_scripts_loaded\",function(){gform.scriptsLoaded=!0}),document.addEventListener(\"gform\/theme\/scripts_loaded\",function(){gform.themeScriptsLoaded=!0}),window.addEventListener(\"DOMContentLoaded\",function(){gform.domLoaded=!0}),gform={domLoaded:!1,scriptsLoaded:!1,themeScriptsLoaded:!1,isFormEditor:()=>\"function\"==typeof InitializeEditor,callIfLoaded:function(o){return!(!gform.domLoaded||!gform.scriptsLoaded||!gform.themeScriptsLoaded&&!gform.isFormEditor()||(gform.isFormEditor()&&console.warn(\"The use of gform.initializeOnLoaded() is deprecated in the form editor context and will be removed in Gravity Forms 3.1.\"),o(),0))},initializeOnLoaded:function(o){gform.callIfLoaded(o)||(document.addEventListener(\"gform_main_scripts_loaded\",()=>{gform.scriptsLoaded=!0,gform.callIfLoaded(o)}),document.addEventListener(\"gform\/theme\/scripts_loaded\",()=>{gform.themeScriptsLoaded=!0,gform.callIfLoaded(o)}),window.addEventListener(\"DOMContentLoaded\",()=>{gform.domLoaded=!0,gform.callIfLoaded(o)}))},hooks:{action:{},filter:{}},addAction:function(o,r,e,t){gform.addHook(\"action\",o,r,e,t)},addFilter:function(o,r,e,t){gform.addHook(\"filter\",o,r,e,t)},doAction:function(o){gform.doHook(\"action\",o,arguments)},applyFilters:function(o){return gform.doHook(\"filter\",o,arguments)},removeAction:function(o,r){gform.removeHook(\"action\",o,r)},removeFilter:function(o,r,e){gform.removeHook(\"filter\",o,r,e)},addHook:function(o,r,e,t,n){null==gform.hooks[o][r]&&(gform.hooks[o][r]=[]);var d=gform.hooks[o][r];null==n&&(n=r+\"_\"+d.length),gform.hooks[o][r].push({tag:n,callable:e,priority:t=null==t?10:t})},doHook:function(r,o,e){var t;if(e=Array.prototype.slice.call(e,1),null!=gform.hooks[r][o]&&((o=gform.hooks[r][o]).sort(function(o,r){return o.priority-r.priority}),o.forEach(function(o){\"function\"!=typeof(t=o.callable)&&(t=window[t]),\"action\"==r?t.apply(null,e):e[0]=t.apply(null,e)})),\"filter\"==r)return e[0]},removeHook:function(o,r,t,n){var e;null!=gform.hooks[o][r]&&(e=(e=gform.hooks[o][r]).filter(function(o,r,e){return!!(null!=n&&n!=o.tag||null!=t&&t!=o.priority)}),gform.hooks[o][r]=e)}});\n\/* ]]> *\/\n<\/script>\n\n                <div class='gf_browser_gecko gform_wrapper gform_legacy_markup_wrapper gform-theme--no-framework' data-form-theme='legacy' data-form-index='0' id='gform_wrapper_1' ><div id='gf_1' class='gform_anchor' tabindex='-1'><\/div>\n                        <div class='gform_heading'>\n                            <h3 class=\"gform_title\">Job application<\/h3>\n                        <\/div><form method='post' enctype='multipart\/form-data' target='gform_ajax_frame_1' id='gform_1'  action='\/en\/wp-json\/wp\/v2\/pages\/665#gf_1' data-formid='1' novalidate>\n                        <div class='gform-body gform_body'><ul id='gform_fields_1' class='gform_fields top_label form_sublabel_below description_below validation_below'><li id=\"field_1_1\" class=\"gfield gfield--type-text gfield--input-type-text gfield_contains_required field_sublabel_below gfield--no-description field_description_below field_validation_below gfield_visibility_visible\"  ><label class='gfield_label gform-field-label' for='input_1_1'>Name<span class=\"gfield_required\"><span class=\"gfield_required gfield_required_asterisk\">*<\/span><\/span><\/label><div class='ginput_container ginput_container_text'><input name='input_1' id='input_1_1' type='text' value='' class='medium'     aria-required=\"true\" aria-invalid=\"false\"   \/><\/div><\/li><li id=\"field_1_2\" class=\"gfield gfield--type-text gfield--input-type-text gfield_contains_required field_sublabel_below gfield--no-description field_description_below field_validation_below gfield_visibility_visible\"  ><label class='gfield_label gform-field-label' for='input_1_2'>Mobile<span class=\"gfield_required\"><span class=\"gfield_required gfield_required_asterisk\">*<\/span><\/span><\/label><div class='ginput_container ginput_container_text'><input name='input_2' id='input_1_2' type='text' value='' class='medium'     aria-required=\"true\" aria-invalid=\"false\"   \/><\/div><\/li><li id=\"field_1_7\" class=\"gfield gfield--type-email gfield--input-type-email gfield_contains_required field_sublabel_below gfield--no-description field_description_below field_validation_below gfield_visibility_visible\"  ><label class='gfield_label gform-field-label' for='input_1_7'>Email<span class=\"gfield_required\"><span class=\"gfield_required gfield_required_asterisk\">*<\/span><\/span><\/label><div class='ginput_container ginput_container_email'>\n                            <input name='input_7' id='input_1_7' type='email' value='' class='medium'    aria-required=\"true\" aria-invalid=\"false\"  \/>\n                        <\/div><\/li><li id=\"field_1_4\" class=\"gfield gfield--type-radio gfield--type-choice gfield--input-type-radio gfield_contains_required field_sublabel_below gfield--no-description field_description_below field_validation_below gfield_visibility_visible\"  ><label class='gfield_label gform-field-label' >Choose restaurant<span class=\"gfield_required\"><span class=\"gfield_required gfield_required_asterisk\">*<\/span><\/span><\/label><div class='ginput_container ginput_container_radio'><ul class='gfield_radio' id='input_1_4'>\n\t\t\t<li class='gchoice gchoice_1_4_0'>\n\t\t\t\t<input name='input_4' type='radio' value='Stockholm' checked='checked' id='choice_1_4_0'    \/>\n\t\t\t\t<label for='choice_1_4_0' id='label_1_4_0' class='gform-field-label gform-field-label--type-inline'>Stockholm<\/label>\n\t\t\t<\/li>\n\t\t\t<li class='gchoice gchoice_1_4_1'>\n\t\t\t\t<input name='input_4' type='radio' value='Uppsala'  id='choice_1_4_1'    \/>\n\t\t\t\t<label for='choice_1_4_1' id='label_1_4_1' class='gform-field-label gform-field-label--type-inline'>Uppsala<\/label>\n\t\t\t<\/li>\n\t\t\t<li class='gchoice gchoice_1_4_2'>\n\t\t\t\t<input name='input_4' type='radio' value='Skellefte\u00e5'  id='choice_1_4_2'    \/>\n\t\t\t\t<label for='choice_1_4_2' id='label_1_4_2' class='gform-field-label gform-field-label--type-inline'>Skellefte\u00e5<\/label>\n\t\t\t<\/li><\/ul><\/div><\/li><li id=\"field_1_8\" class=\"gfield gfield--type-fileupload gfield--input-type-fileupload gfield--width-full gfield_contains_required field_sublabel_below gfield--no-description field_description_below field_validation_below gfield_visibility_visible\"  ><label class='gfield_label gform-field-label' for='input_1_8'>Bifoga CV<span class=\"gfield_required\"><span class=\"gfield_required gfield_required_asterisk\">*<\/span><\/span><\/label><div class='ginput_container ginput_container_fileupload'><input type='hidden' name='MAX_FILE_SIZE' value='67108864' \/><input name='input_8' id='input_1_8' type='file' class='large' aria-describedby=\"gfield_upload_rules_1_8\" onchange='javascript:gformValidateFileSize( this, 67108864 );'  \/><span class='gfield_description gform_fileupload_rules' id='gfield_upload_rules_1_8'>Accepted file types: pdf, doc, docx, Max. file size: 64 MB.<\/span><div class='gfield_description validation_message gfield_validation_message validation_message--hidden-on-empty' id='live_validation_message_1_8'><\/div> <\/div><\/li><li id=\"field_1_9\" class=\"gfield gfield--type-fileupload gfield--input-type-fileupload gfield--width-full field_sublabel_below gfield--no-description field_description_below field_validation_below gfield_visibility_visible\"  ><label class='gfield_label gform-field-label' for='input_1_9'>Bifoga personligt brev<\/label><div class='ginput_container ginput_container_fileupload'><input type='hidden' name='MAX_FILE_SIZE' value='67108864' \/><input name='input_9' id='input_1_9' type='file' class='large' aria-describedby=\"gfield_upload_rules_1_9\" onchange='javascript:gformValidateFileSize( this, 67108864 );'  \/><span class='gfield_description gform_fileupload_rules' id='gfield_upload_rules_1_9'>Accepted file types: pdf, doc, docx, Max. file size: 64 MB.<\/span><div class='gfield_description validation_message gfield_validation_message validation_message--hidden-on-empty' id='live_validation_message_1_9'><\/div> <\/div><\/li><\/ul><\/div>\n        <div class='gform-footer gform_footer top_label'> <input type='submit' id='gform_submit_button_1' class='gform_button button' onclick='gform.submission.handleButtonClick(this);' data-submission-type='submit' value='Send job application'  \/> <input type='hidden' name='gform_ajax' value='form_id=1&amp;title=1&amp;description=&amp;tabindex=0&amp;theme=legacy&amp;styles=[]&amp;hash=b3eb100a86fa1c56eecab367769d2121' \/>\n            <input type='hidden' class='gform_hidden' name='gform_submission_method' data-js='gform_submission_method_1' value='iframe' \/>\n            <input type='hidden' class='gform_hidden' name='gform_theme' data-js='gform_theme_1' id='gform_theme_1' value='legacy' \/>\n            <input type='hidden' class='gform_hidden' name='gform_style_settings' data-js='gform_style_settings_1' id='gform_style_settings_1' value='[]' \/>\n            <input type='hidden' class='gform_hidden' name='is_submit_1' value='1' \/>\n            <input type='hidden' class='gform_hidden' name='gform_submit' value='1' \/>\n            \n            <input type='hidden' class='gform_hidden' name='gform_currency' data-currency='SEK' value='vZFaDgPAr3par6yNoxCSBJmOR6TVOwQtRZvLEriyQPe9OfIQDL0GtAvWJquHT\/7wVLMcjSs3uCWZDk3i4orTXo1UDR4RhVOlFkMS6DvehnclpeQ=' \/>\n            <input type='hidden' class='gform_hidden' name='gform_unique_id' value='' \/>\n            <input type='hidden' class='gform_hidden' name='state_1' value='WyJbXSIsIjkwY2FmNzE3MmI1MWIwY2M0OWRkYTdhZDI5MGUyNjZhIl0=' \/>\n            <input type='hidden' autocomplete='off' class='gform_hidden' name='gform_target_page_number_1' id='gform_target_page_number_1' value='0' \/>\n            <input type='hidden' autocomplete='off' class='gform_hidden' name='gform_source_page_number_1' id='gform_source_page_number_1' value='1' \/>\n            <input type='hidden' name='gform_field_values' value='' \/>\n            \n        <\/div>\n                        <\/form>\n                        <\/div>\n\t\t                <iframe style='display:none;width:0px;height:0px;' src='about:blank' name='gform_ajax_frame_1' id='gform_ajax_frame_1' title='This iframe contains the logic required to handle Ajax powered Gravity Forms.'><\/iframe>\n\t\t                <script type=\"text\/javascript\">\n\/* <![CDATA[ *\/\n gform.initializeOnLoaded( function() {gformInitSpinner( 1, 'https:\/\/missvoon.se\/wp-content\/plugins\/gravityforms\/images\/spinner.svg', true );jQuery('#gform_ajax_frame_1').on('load',function(){var contents = jQuery(this).contents().find('*').html();var is_postback = contents.indexOf('GF_AJAX_POSTBACK') >= 0;if(!is_postback){return;}var form_content = jQuery(this).contents().find('#gform_wrapper_1');var is_confirmation = jQuery(this).contents().find('#gform_confirmation_wrapper_1').length > 0;var is_redirect = contents.indexOf('gformRedirect(){') >= 0;var is_form = form_content.length > 0 && ! is_redirect && ! is_confirmation;var mt = parseInt(jQuery('html').css('margin-top'), 10) + parseInt(jQuery('body').css('margin-top'), 10) + 100;if(is_form){jQuery('#gform_wrapper_1').html(form_content.html());if(form_content.hasClass('gform_validation_error')){jQuery('#gform_wrapper_1').addClass('gform_validation_error');} else {jQuery('#gform_wrapper_1').removeClass('gform_validation_error');}setTimeout( function() { \/* delay the scroll by 50 milliseconds to fix a bug in chrome *\/ jQuery(document).scrollTop(jQuery('#gform_wrapper_1').offset().top - mt); }, 50 );if(window['gformInitDatepicker']) {gformInitDatepicker();}if(window['gformInitPriceFields']) {gformInitPriceFields();}var current_page = jQuery('#gform_source_page_number_1').val();gformInitSpinner( 1, 'https:\/\/missvoon.se\/wp-content\/plugins\/gravityforms\/images\/spinner.svg', true );jQuery(document).trigger('gform_page_loaded', [1, current_page]);window['gf_submitting_1'] = false;}else if(!is_redirect){var confirmation_content = jQuery(this).contents().find('.GF_AJAX_POSTBACK').html();if(!confirmation_content){confirmation_content = contents;}jQuery('#gform_wrapper_1').replaceWith(confirmation_content);jQuery(document).scrollTop(jQuery('#gf_1').offset().top - mt);jQuery(document).trigger('gform_confirmation_loaded', [1]);window['gf_submitting_1'] = false;wp.a11y.speak(jQuery('#gform_confirmation_message_1').text());}else{jQuery('#gform_1').append(contents);if(window['gformRedirect']) {gformRedirect();}}jQuery(document).trigger(\"gform_pre_post_render\", [{ formId: \"1\", currentPage: \"current_page\", abort: function() { this.preventDefault(); } }]);        if (event && event.defaultPrevented) {                return;        }        const gformWrapperDiv = document.getElementById( \"gform_wrapper_1\" );        if ( gformWrapperDiv ) {            const visibilitySpan = document.createElement( \"span\" );            visibilitySpan.id = \"gform_visibility_test_1\";            gformWrapperDiv.insertAdjacentElement( \"afterend\", visibilitySpan );        }        const visibilityTestDiv = document.getElementById( \"gform_visibility_test_1\" );        let postRenderFired = false;        function triggerPostRender() {            if ( postRenderFired ) {                return;            }            postRenderFired = true;            gform.core.triggerPostRenderEvents( 1, current_page );            if ( visibilityTestDiv ) {                visibilityTestDiv.parentNode.removeChild( visibilityTestDiv );            }        }        function debounce( func, wait, immediate ) {            var timeout;            return function() {                var context = this, args = arguments;                var later = function() {                    timeout = null;                    if ( !immediate ) func.apply( context, args );                };                var callNow = immediate && !timeout;                clearTimeout( timeout );                timeout = setTimeout( later, wait );                if ( callNow ) func.apply( context, args );            };        }        const debouncedTriggerPostRender = debounce( function() {            triggerPostRender();        }, 200 );        if ( visibilityTestDiv && visibilityTestDiv.offsetParent === null ) {            const observer = new MutationObserver( ( mutations ) => {                mutations.forEach( ( mutation ) => {                    if ( mutation.type === 'attributes' && visibilityTestDiv.offsetParent !== null ) {                        debouncedTriggerPostRender();                        observer.disconnect();                    }                });            });            observer.observe( document.body, {                attributes: true,                childList: false,                subtree: true,                attributeFilter: [ 'style', 'class' ],            });        } else {            triggerPostRender();        }    } );} ); \n\/* ]]> *\/\n<\/script>\n[\/vc_column][\/vc_row]<\/p>\n<\/div>","protected":false},"excerpt":{"rendered":"<p>[vc_row section_padding_top=&#8221;section-top-super-padding&#8221; section_padding_bottom=&#8221;section-bottom-super-padding&#8221; section_height=&#8221;450px&#8221; section_text_color=&#8221;#ffffff&#8221; section_bg_image=&#8221;http:\/\/www.missvoon.se\/wp-content\/uploads\/2017\/03\/JonasSvensson038.jpg&#8221; section_bg_overlay=&#8221;rgba(0,0,0,0.2)&#8221; section_bg_position=&#8221;section-bg-positon-bottom-center&#8221;][vc_column][vc_empty_space height=&#8221;30px&#8221;][vc_column_text] Work with us [\/vc_column_text][vc_empty_space height=&#8221;30px&#8221;][\/vc_column][\/vc_row][vc_row][vc_column width=&#8221;1\/2&#8243;][vc_column_text] &#8220; Life with restaurant is just like any athlete or musician, it&#8217;s about the team, the community and presence. Everything can be bought in addition to genuine emotion and energy, that can only be created by us! [\/vc_column_text][tb_image src=&#8221;599&#8243; content_style=&#8221;portrait&#8221; [&hellip;]<\/p>\n","protected":false},"author":1,"featured_media":0,"parent":0,"menu_order":60,"comment_status":"closed","ping_status":"closed","template":"","meta":{"_acf_changed":false,"footnotes":""},"class_list":["post-665","page","type-page","status-publish","hentry"],"acf":[],"yoast_head":"<!-- This site is optimized with the Yoast SEO plugin v27.1.1 - https:\/\/yoast.com\/product\/yoast-seo-wordpress\/ -->\n<title>Work with us - Miss Voon<\/title>\n<meta name=\"description\" content=\"We are constantly looking for new employees to Miss Voon. Want to be a part of our big family, so please send a job application.\" \/>\n<meta name=\"robots\" content=\"index, follow, max-snippet:-1, max-image-preview:large, max-video-preview:-1\" \/>\n<link rel=\"canonical\" href=\"https:\/\/missvoon.se\/en\/career\/\" \/>\n<meta property=\"og:locale\" content=\"en_US\" \/>\n<meta property=\"og:type\" content=\"article\" \/>\n<meta property=\"og:title\" content=\"Work with us - Miss Voon\" \/>\n<meta property=\"og:description\" content=\"We are constantly looking for new employees to Miss Voon. Want to be a part of our big family, so please send a job application.\" \/>\n<meta property=\"og:url\" content=\"https:\/\/missvoon.se\/en\/career\/\" \/>\n<meta property=\"og:site_name\" content=\"Miss Voon\" \/>\n<meta property=\"article:publisher\" content=\"https:\/\/www.facebook.com\/Miss-Voon-231799376866099\/\" \/>\n<meta property=\"article:modified_time\" content=\"2017-03-09T07:41:04+00:00\" \/>\n<meta name=\"twitter:card\" content=\"summary_large_image\" \/>\n<meta name=\"twitter:label1\" content=\"Est. reading time\" \/>\n\t<meta name=\"twitter:data1\" content=\"1 minute\" \/>\n<script type=\"application\/ld+json\" class=\"yoast-schema-graph\">{\"@context\":\"https:\/\/schema.org\",\"@graph\":[{\"@type\":\"WebPage\",\"@id\":\"https:\/\/missvoon.se\/en\/career\/\",\"url\":\"https:\/\/missvoon.se\/en\/career\/\",\"name\":\"Work with us - Miss Voon\",\"isPartOf\":{\"@id\":\"https:\/\/missvoon.se\/#website\"},\"datePublished\":\"2017-02-15T09:37:22+00:00\",\"dateModified\":\"2017-03-09T07:41:04+00:00\",\"description\":\"We are constantly looking for new employees to Miss Voon. Want to be a part of our big family, so please send a job application.\",\"breadcrumb\":{\"@id\":\"https:\/\/missvoon.se\/en\/career\/#breadcrumb\"},\"inLanguage\":\"en-US\",\"potentialAction\":[{\"@type\":\"ReadAction\",\"target\":[\"https:\/\/missvoon.se\/en\/career\/\"]}]},{\"@type\":\"BreadcrumbList\",\"@id\":\"https:\/\/missvoon.se\/en\/career\/#breadcrumb\",\"itemListElement\":[{\"@type\":\"ListItem\",\"position\":1,\"name\":\"Hem\",\"item\":\"https:\/\/missvoon.se\/en\/\"},{\"@type\":\"ListItem\",\"position\":2,\"name\":\"Work with us\"}]},{\"@type\":\"WebSite\",\"@id\":\"https:\/\/missvoon.se\/#website\",\"url\":\"https:\/\/missvoon.se\/\",\"name\":\"Miss Voon\",\"description\":\"Miss Voon \u00e4r en restaurang som kombinerar smaker fr\u00e5n de asiatiska k\u00f6ken med en europeisk grund.\",\"potentialAction\":[{\"@type\":\"SearchAction\",\"target\":{\"@type\":\"EntryPoint\",\"urlTemplate\":\"https:\/\/missvoon.se\/?s={search_term_string}\"},\"query-input\":{\"@type\":\"PropertyValueSpecification\",\"valueRequired\":true,\"valueName\":\"search_term_string\"}}],\"inLanguage\":\"en-US\"}]}<\/script>\n<!-- \/ Yoast SEO plugin. -->","yoast_head_json":{"title":"Work with us - Miss Voon","description":"We are constantly looking for new employees to Miss Voon. Want to be a part of our big family, so please send a job application.","robots":{"index":"index","follow":"follow","max-snippet":"max-snippet:-1","max-image-preview":"max-image-preview:large","max-video-preview":"max-video-preview:-1"},"canonical":"https:\/\/missvoon.se\/en\/career\/","og_locale":"en_US","og_type":"article","og_title":"Work with us - Miss Voon","og_description":"We are constantly looking for new employees to Miss Voon. Want to be a part of our big family, so please send a job application.","og_url":"https:\/\/missvoon.se\/en\/career\/","og_site_name":"Miss Voon","article_publisher":"https:\/\/www.facebook.com\/Miss-Voon-231799376866099\/","article_modified_time":"2017-03-09T07:41:04+00:00","twitter_card":"summary_large_image","twitter_misc":{"Est. reading time":"1 minute"},"schema":{"@context":"https:\/\/schema.org","@graph":[{"@type":"WebPage","@id":"https:\/\/missvoon.se\/en\/career\/","url":"https:\/\/missvoon.se\/en\/career\/","name":"Work with us - Miss Voon","isPartOf":{"@id":"https:\/\/missvoon.se\/#website"},"datePublished":"2017-02-15T09:37:22+00:00","dateModified":"2017-03-09T07:41:04+00:00","description":"We are constantly looking for new employees to Miss Voon. Want to be a part of our big family, so please send a job application.","breadcrumb":{"@id":"https:\/\/missvoon.se\/en\/career\/#breadcrumb"},"inLanguage":"en-US","potentialAction":[{"@type":"ReadAction","target":["https:\/\/missvoon.se\/en\/career\/"]}]},{"@type":"BreadcrumbList","@id":"https:\/\/missvoon.se\/en\/career\/#breadcrumb","itemListElement":[{"@type":"ListItem","position":1,"name":"Hem","item":"https:\/\/missvoon.se\/en\/"},{"@type":"ListItem","position":2,"name":"Work with us"}]},{"@type":"WebSite","@id":"https:\/\/missvoon.se\/#website","url":"https:\/\/missvoon.se\/","name":"Miss Voon","description":"Miss Voon \u00e4r en restaurang som kombinerar smaker fr\u00e5n de asiatiska k\u00f6ken med en europeisk grund.","potentialAction":[{"@type":"SearchAction","target":{"@type":"EntryPoint","urlTemplate":"https:\/\/missvoon.se\/?s={search_term_string}"},"query-input":{"@type":"PropertyValueSpecification","valueRequired":true,"valueName":"search_term_string"}}],"inLanguage":"en-US"}]}},"_links":{"self":[{"href":"https:\/\/missvoon.se\/en\/wp-json\/wp\/v2\/pages\/665","targetHints":{"allow":["GET"]}}],"collection":[{"href":"https:\/\/missvoon.se\/en\/wp-json\/wp\/v2\/pages"}],"about":[{"href":"https:\/\/missvoon.se\/en\/wp-json\/wp\/v2\/types\/page"}],"author":[{"embeddable":true,"href":"https:\/\/missvoon.se\/en\/wp-json\/wp\/v2\/users\/1"}],"replies":[{"embeddable":true,"href":"https:\/\/missvoon.se\/en\/wp-json\/wp\/v2\/comments?post=665"}],"version-history":[{"count":4,"href":"https:\/\/missvoon.se\/en\/wp-json\/wp\/v2\/pages\/665\/revisions"}],"predecessor-version":[{"id":685,"href":"https:\/\/missvoon.se\/en\/wp-json\/wp\/v2\/pages\/665\/revisions\/685"}],"wp:attachment":[{"href":"https:\/\/missvoon.se\/en\/wp-json\/wp\/v2\/media?parent=665"}],"curies":[{"name":"wp","href":"https:\/\/api.w.org\/{rel}","templated":true}]}}