{"id":661,"date":"2017-02-15T10:37:05","date_gmt":"2017-02-15T09:37:05","guid":{"rendered":"http:\/\/www.missvoon.se\/press-kontakt\/"},"modified":"2022-07-15T21:28:03","modified_gmt":"2022-07-15T19:28:03","slug":"press-contact","status":"publish","type":"page","link":"https:\/\/missvoon.se\/en\/press-contact\/","title":{"rendered":"Press and contact"},"content":{"rendered":"<div class=\"wpb-content-wrapper\"><p>[vc_row section_padding_top=&#8221;section-top-super-padding&#8221; section_padding_bottom=&#8221;section-bottom-super-padding&#8221; section_height=&#8221;450px&#8221; section_bg_color=&#8221;&#8221; section_text_color=&#8221;#ffffff&#8221; section_bg_image=&#8221;http:\/\/www.missvoon.se\/wp-content\/uploads\/2017\/03\/JonasSvensson041.jpg&#8221; section_bg_overlay=&#8221;rgba(0,0,0,0.3)&#8221;][vc_column][vc_empty_space height=&#8221;30px&#8221;][vc_column_text]<\/p>\n<h1 style=\"text-align: center;\">Press and\u00a0contact<\/h1>\n<p>[\/vc_column_text][vc_empty_space height=&#8221;30px&#8221;][\/vc_column][\/vc_row][vc_row][vc_column width=&#8221;1\/2&#8243;][vc_column_text]<\/p>\n<h2>Press<\/h2>\n<p>If you have questions regarding marketing, public relations and the press? Please send an email to <a title=\"Kontakta Miss Voon\" href=\"mailto:info@missvoon.se\">info@missvoon.se<\/a>. [\/vc_column_text][vc_column_text]For Miss Voon press releases, please refer to our press room at <a href=\"https:\/\/www.mynewsdesk.com\/se\/miss-voon\/pressreleases\">mynewsdesk<\/a>.[\/vc_column_text][\/vc_column][vc_column width=&#8221;1\/2&#8243;][vc_column_text]<\/p>\n<h2>Contact us<\/h2>\n<p><strong>Stockholm<br \/>\n<\/strong>Sturegatan 22, SE 114 36 Stockholm<br \/>\n+46 8 505 244 70<br \/>\n<a href=\"mailto:reservation@missvoon.se\">reservation@missvoon.se<\/a><\/p>\n<p>[\/vc_column_text][vc_column_text]<\/p>\n<p><strong>Uppsala<br \/>\n<\/strong>Suttungs gr\u00e4nd 6, SE 753 19\u00a0Uppsala<br \/>\n+46 18 472 25 00<br \/>\n<a href=\"mailto:reservation.uppsala@missvoon.se\">reservation.uppsala@missvoon.se<\/a><\/p>\n<p>[\/vc_column_text][vc_column_text]<strong>Skellefte\u00e5<br \/>\n<\/strong>Torggatan 2 , SE 931 32 Skellefte\u00e5<br \/>\n+10 641 52 30<br \/>\n<a href=\"mailto:info.skelleftea@missvoon.se\">info.skelleftea@missvoon.se<\/a>[\/vc_column_text][vc_column_text]<strong>V\u00e4xj\u00f6<br \/>\n<\/strong>Kungsgatan 6, 351 04 V\u00e4xj\u00f6<br \/>\n+470 70 34 04<br \/>\n<a class=\"c-link\" href=\"mailto:info.vaxjo@missvoon.se\" target=\"_blank\" rel=\"noopener noreferrer\" data-stringify-link=\"mailto:info.vaxjo@missvoon.se\" data-sk=\"tooltip_parent\" aria-haspopup=\"menu\" aria-expanded=\"false\">info.vaxjo@missvoon.se<\/a>[\/vc_column_text][\/vc_column][\/vc_row]<\/p>\n<\/div>","protected":false},"excerpt":{"rendered":"<p>[vc_row section_padding_top=&#8221;section-top-super-padding&#8221; section_padding_bottom=&#8221;section-bottom-super-padding&#8221; section_height=&#8221;450px&#8221; section_bg_color=&#8221;&#8221; section_text_color=&#8221;#ffffff&#8221; section_bg_image=&#8221;http:\/\/www.missvoon.se\/wp-content\/uploads\/2017\/03\/JonasSvensson041.jpg&#8221; section_bg_overlay=&#8221;rgba(0,0,0,0.3)&#8221;][vc_column][vc_empty_space height=&#8221;30px&#8221;][vc_column_text] Press and\u00a0contact [\/vc_column_text][vc_empty_space height=&#8221;30px&#8221;][\/vc_column][\/vc_row][vc_row][vc_column width=&#8221;1\/2&#8243;][vc_column_text] Press If you have questions regarding marketing, public relations and the press? Please send an email to info@missvoon.se. [\/vc_column_text][vc_column_text]For Miss Voon press releases, please refer to our press room at mynewsdesk.[\/vc_column_text][\/vc_column][vc_column width=&#8221;1\/2&#8243;][vc_column_text] Contact us Stockholm Sturegatan 22, SE 114 36 Stockholm [&hellip;]<\/p>\n","protected":false},"author":1,"featured_media":0,"parent":0,"menu_order":50,"comment_status":"closed","ping_status":"closed","template":"","meta":{"_acf_changed":false,"footnotes":""},"class_list":["post-661","page","type-page","status-publish","hentry"],"acf":[],"yoast_head":"<!-- This site is optimized with the Yoast SEO plugin v27.1.1 - https:\/\/yoast.com\/product\/yoast-seo-wordpress\/ -->\n<title>Press and contact - Miss Voon<\/title>\n<meta name=\"description\" content=\"Looking for press materials or to contact us for any other reason, do not hesitate. We look forward to hearing from you.\" \/>\n<meta name=\"robots\" content=\"index, follow, max-snippet:-1, max-image-preview:large, max-video-preview:-1\" \/>\n<link rel=\"canonical\" href=\"https:\/\/missvoon.se\/en\/press-contact\/\" \/>\n<meta property=\"og:locale\" content=\"en_US\" \/>\n<meta property=\"og:type\" content=\"article\" \/>\n<meta property=\"og:title\" content=\"Press and contact - Miss Voon\" \/>\n<meta property=\"og:description\" content=\"Looking for press materials or to contact us for any other reason, do not hesitate. We look forward to hearing from you.\" \/>\n<meta property=\"og:url\" content=\"https:\/\/missvoon.se\/en\/press-contact\/\" \/>\n<meta property=\"og:site_name\" content=\"Miss Voon\" \/>\n<meta property=\"article:publisher\" content=\"https:\/\/www.facebook.com\/Miss-Voon-231799376866099\/\" \/>\n<meta property=\"article:modified_time\" content=\"2022-07-15T19:28:03+00:00\" \/>\n<meta name=\"twitter:card\" content=\"summary_large_image\" \/>\n<meta name=\"twitter:label1\" content=\"Est. reading time\" \/>\n\t<meta name=\"twitter:data1\" content=\"1 minute\" \/>\n<script type=\"application\/ld+json\" class=\"yoast-schema-graph\">{\"@context\":\"https:\/\/schema.org\",\"@graph\":[{\"@type\":\"WebPage\",\"@id\":\"https:\/\/missvoon.se\/en\/press-contact\/\",\"url\":\"https:\/\/missvoon.se\/en\/press-contact\/\",\"name\":\"Press and contact - Miss Voon\",\"isPartOf\":{\"@id\":\"https:\/\/missvoon.se\/#website\"},\"datePublished\":\"2017-02-15T09:37:05+00:00\",\"dateModified\":\"2022-07-15T19:28:03+00:00\",\"description\":\"Looking for press materials or to contact us for any other reason, do not hesitate. We look forward to hearing from you.\",\"breadcrumb\":{\"@id\":\"https:\/\/missvoon.se\/en\/press-contact\/#breadcrumb\"},\"inLanguage\":\"en-US\",\"potentialAction\":[{\"@type\":\"ReadAction\",\"target\":[\"https:\/\/missvoon.se\/en\/press-contact\/\"]}]},{\"@type\":\"BreadcrumbList\",\"@id\":\"https:\/\/missvoon.se\/en\/press-contact\/#breadcrumb\",\"itemListElement\":[{\"@type\":\"ListItem\",\"position\":1,\"name\":\"Hem\",\"item\":\"https:\/\/missvoon.se\/en\/\"},{\"@type\":\"ListItem\",\"position\":2,\"name\":\"Press and contact\"}]},{\"@type\":\"WebSite\",\"@id\":\"https:\/\/missvoon.se\/#website\",\"url\":\"https:\/\/missvoon.se\/\",\"name\":\"Miss Voon\",\"description\":\"Miss Voon \u00e4r en restaurang som kombinerar smaker fr\u00e5n de asiatiska k\u00f6ken med en europeisk grund.\",\"potentialAction\":[{\"@type\":\"SearchAction\",\"target\":{\"@type\":\"EntryPoint\",\"urlTemplate\":\"https:\/\/missvoon.se\/?s={search_term_string}\"},\"query-input\":{\"@type\":\"PropertyValueSpecification\",\"valueRequired\":true,\"valueName\":\"search_term_string\"}}],\"inLanguage\":\"en-US\"}]}<\/script>\n<!-- \/ Yoast SEO plugin. -->","yoast_head_json":{"title":"Press and contact - Miss Voon","description":"Looking for press materials or to contact us for any other reason, do not hesitate. We look forward to hearing from you.","robots":{"index":"index","follow":"follow","max-snippet":"max-snippet:-1","max-image-preview":"max-image-preview:large","max-video-preview":"max-video-preview:-1"},"canonical":"https:\/\/missvoon.se\/en\/press-contact\/","og_locale":"en_US","og_type":"article","og_title":"Press and contact - Miss Voon","og_description":"Looking for press materials or to contact us for any other reason, do not hesitate. We look forward to hearing from you.","og_url":"https:\/\/missvoon.se\/en\/press-contact\/","og_site_name":"Miss Voon","article_publisher":"https:\/\/www.facebook.com\/Miss-Voon-231799376866099\/","article_modified_time":"2022-07-15T19:28:03+00:00","twitter_card":"summary_large_image","twitter_misc":{"Est. reading time":"1 minute"},"schema":{"@context":"https:\/\/schema.org","@graph":[{"@type":"WebPage","@id":"https:\/\/missvoon.se\/en\/press-contact\/","url":"https:\/\/missvoon.se\/en\/press-contact\/","name":"Press and contact - Miss Voon","isPartOf":{"@id":"https:\/\/missvoon.se\/#website"},"datePublished":"2017-02-15T09:37:05+00:00","dateModified":"2022-07-15T19:28:03+00:00","description":"Looking for press materials or to contact us for any other reason, do not hesitate. We look forward to hearing from you.","breadcrumb":{"@id":"https:\/\/missvoon.se\/en\/press-contact\/#breadcrumb"},"inLanguage":"en-US","potentialAction":[{"@type":"ReadAction","target":["https:\/\/missvoon.se\/en\/press-contact\/"]}]},{"@type":"BreadcrumbList","@id":"https:\/\/missvoon.se\/en\/press-contact\/#breadcrumb","itemListElement":[{"@type":"ListItem","position":1,"name":"Hem","item":"https:\/\/missvoon.se\/en\/"},{"@type":"ListItem","position":2,"name":"Press and contact"}]},{"@type":"WebSite","@id":"https:\/\/missvoon.se\/#website","url":"https:\/\/missvoon.se\/","name":"Miss Voon","description":"Miss Voon \u00e4r en restaurang som kombinerar smaker fr\u00e5n de asiatiska k\u00f6ken med en europeisk grund.","potentialAction":[{"@type":"SearchAction","target":{"@type":"EntryPoint","urlTemplate":"https:\/\/missvoon.se\/?s={search_term_string}"},"query-input":{"@type":"PropertyValueSpecification","valueRequired":true,"valueName":"search_term_string"}}],"inLanguage":"en-US"}]}},"_links":{"self":[{"href":"https:\/\/missvoon.se\/en\/wp-json\/wp\/v2\/pages\/661","targetHints":{"allow":["GET"]}}],"collection":[{"href":"https:\/\/missvoon.se\/en\/wp-json\/wp\/v2\/pages"}],"about":[{"href":"https:\/\/missvoon.se\/en\/wp-json\/wp\/v2\/types\/page"}],"author":[{"embeddable":true,"href":"https:\/\/missvoon.se\/en\/wp-json\/wp\/v2\/users\/1"}],"replies":[{"embeddable":true,"href":"https:\/\/missvoon.se\/en\/wp-json\/wp\/v2\/comments?post=661"}],"version-history":[{"count":19,"href":"https:\/\/missvoon.se\/en\/wp-json\/wp\/v2\/pages\/661\/revisions"}],"predecessor-version":[{"id":3391,"href":"https:\/\/missvoon.se\/en\/wp-json\/wp\/v2\/pages\/661\/revisions\/3391"}],"wp:attachment":[{"href":"https:\/\/missvoon.se\/en\/wp-json\/wp\/v2\/media?parent=661"}],"curies":[{"name":"wp","href":"https:\/\/api.w.org\/{rel}","templated":true}]}}