{"id":646,"date":"2017-02-15T10:35:25","date_gmt":"2017-02-15T09:35:25","guid":{"rendered":"http:\/\/www.missvoon.se\/menus\/"},"modified":"2026-01-13T16:28:46","modified_gmt":"2026-01-13T15:28:46","slug":"menus","status":"publish","type":"page","link":"https:\/\/missvoon.se\/en\/menus\/","title":{"rendered":"Menus"},"content":{"rendered":"<div class=\"wpb-content-wrapper\"><p>[vc_row section_width=&#8221;section-full&#8221; section_padding_top=&#8221;section-top-no-padding&#8221; section_padding_bottom=&#8221;section-bottom-no-padding&#8221; section_height=&#8221;0&#8243; section_text_color=&#8221;#ffffff&#8221; section_bg_image=&#8221;http:\/\/www.missvoon.se\/wp-content\/uploads\/2017\/02\/gold-texture.jpg&#8221;][vc_column][tb_gallery show_cat=&#8221;11&#8243;][\/vc_column][\/vc_row][vc_row section_padding_top=&#8221;section-top-padding&#8221; section_padding_bottom=&#8221;section-bottom-no-padding&#8221; section_class=&#8221;tabs&#8221;][vc_column][tb_button button_text=&#8221;Stockholm&#8221; button_url=&#8221;url:%23|||&#8221; button_size=&#8221;tb-btn-medium&#8221; button_class=&#8221;tab-btn tab-btn-1 selected&#8221;][tb_button button_text=&#8221;Uppsala&#8221; button_url=&#8221;url:%23|||&#8221; button_size=&#8221;tb-btn-medium&#8221; button_class=&#8221;tab-btn tab-btn-2&#8243;][tb_button button_text=&#8221;Skellefte\u00e5&#8221; button_url=&#8221;url:%23|||&#8221; button_size=&#8221;tb-btn-medium&#8221; button_class=&#8221;tab-btn tab-btn-3&#8243;][\/vc_column][\/vc_row][vc_row section_padding_top=&#8221;section-top-no-padding&#8221; section_padding_bottom=&#8221;section-bottom-padding&#8221; section_class=&#8221;tabs&#8221;][vc_column][tb_button button_text=&#8221;Menu&#8221; button_url=&#8221;url:%23|||&#8221; button_size=&#8221;tb-btn-small&#8221; button_class=&#8221;tab-btn tab-btn-1-1 selected&#8221;][tb_button button_text=&#8221;Lunch&#8221; button_url=&#8221;url:%23&#8243; button_size=&#8221;tb-btn-small&#8221; button_class=&#8221;tab-btn tab-btn-1-2&#8243;][tb_button button_text=&#8221;Bar&#8221; button_url=&#8221;url:%23|||&#8221; button_size=&#8221;tb-btn-small&#8221; button_class=&#8221;tab-btn tab-btn-1-3&#8243;][tb_button button_text=&#8221;Breakfast&#8221; button_url=&#8221;url:%23|||&#8221; button_size=&#8221;tb-btn-small&#8221; button_class=&#8221;tab-btn tab-btn-1-4&#8243;][tb_button button_text=&#8221;Menu&#8221; button_url=&#8221;url:%23|||&#8221; button_size=&#8221;tb-btn-small&#8221; button_class=&#8221;tab-btn tab-btn-2-1 selected&#8221;][tb_button button_text=&#8221;Lunch&#8221; button_url=&#8221;url:%23|||&#8221; button_size=&#8221;tb-btn-small&#8221; button_class=&#8221;tab-btn tab-btn-2-2&#8243;][tb_button button_text=&#8221;Bar&#8221; button_url=&#8221;url:%23|||&#8221; button_size=&#8221;tb-btn-small&#8221; button_class=&#8221;tab-btn tab-btn-2-3&#8243;][tb_button button_text=&#8221;Menu&#8221; button_url=&#8221;url:%23|||&#8221; button_size=&#8221;tb-btn-small&#8221; button_class=&#8221;tab-btn tab-btn-3-1 selected&#8221;][tb_button button_text=&#8221;Bar&#8221; button_url=&#8221;url:%23|||&#8221; button_size=&#8221;tb-btn-small&#8221; button_class=&#8221;tab-btn tab-btn-3-3&#8243;][\/vc_column][\/vc_row][vc_row section_padding_top=&#8221;section-top-no-padding&#8221; section_height=&#8221;&#8221; section_text_color=&#8221;&#8221; section_class=&#8221;tab active&#8221; section_id=&#8221;tab-1-1&#8243;][vc_column width=&#8221;1\/2&#8243;][vc_column_text]<\/p>\n<h1 style=\"text-align: center;\">Dinner<\/h1>\n<p>[\/vc_column_text][vc_column_text]<\/p>\n<p class=\"p1\" style=\"text-align: center;\">Asian cuisine combines many different flavours, often in the same meal. This is why the dishes served at Miss Voon are half-portions, making it easier to combine and share different taste sensations.\u00a0We recommend that you choose 3-4 dishes per person which is equivalent to an appetizer and main course.<\/p>\n<p>[\/vc_column_text][tb_button button_text=&#8221;Dinner Menu&#8221; button_url=&#8221;url:https%3A%2F%2Fmissvoon.se%2Fwp-content%2Fuploads%2F2022%2F05%2Fnovembermeny.pdf|title:Dinner%20Menu|target:_blank&#8221; button_align=&#8221;tb-btn-left&#8221;][tb_button button_text=&#8221;Vegetarian Menu&#8221; button_url=&#8221;url:https%3A%2F%2Fmissvoon.se%2Fwp-content%2Fuploads%2F2022%2F05%2FVegmeny.pdf|title:Vegetarian%20Menu|target:_blank&#8221; button_align=&#8221;tb-btn-left&#8221;][\/vc_column][vc_column width=&#8221;1\/2&#8243;][tb_image src=&#8221;519&#8243; content_style=&#8221;portrait&#8221; image_margin_bottom=&#8221;section-bottom-margin&#8221;][vc_column_text]<\/p>\n<blockquote>\n<p style=\"text-align: center;\">&#8220;<\/p>\n<p style=\"text-align: center;\">Happy food is good food &#8211; it&#8217;s about the here and now &#8211; about the passion, the energy and obviously good ingredients.<\/p>\n<\/blockquote>\n<p style=\"text-align: center;\">Jonas Svensson &#8211; Head Chef<\/p>\n<p>[\/vc_column_text][\/vc_column][\/vc_row][vc_row section_padding_top=&#8221;section-top-no-padding&#8221; section_height=&#8221;&#8221; section_bg_color=&#8221;&#8221; section_text_color=&#8221;&#8221; section_class=&#8221;tab&#8221; section_id=&#8221;tab-1-2&#8243;][vc_column width=&#8221;1\/2&#8243;][\/vc_column][vc_column width=&#8221;1\/2&#8243;][tb_image src=&#8221;1524&#8243; content_style=&#8221;portrait&#8221; image_margin_top=&#8221;section-top-super-margin&#8221; image_margin_bottom=&#8221;section-bottom-super-margin&#8221;][\/vc_column][\/vc_row][vc_row section_padding_top=&#8221;section-top-no-padding&#8221; section_height=&#8221;&#8221; section_bg_color=&#8221;&#8221; section_text_color=&#8221;&#8221; section_class=&#8221;tab&#8221; section_id=&#8221;tab-1-5&#8243;][vc_column width=&#8221;1\/2&#8243;][vc_column_text]<\/p>\n<h2>Take away<\/h2>\n<p>Tuesday &#8211; Thursday 17.15 &#8211; 22.00<\/p>\n<p>Friday &#8211; Saturday 17.15 &#8211; 23.00<\/p>\n<p>&nbsp;<\/p>\n<p>Please send your order to <a href=\"mailto:info@missvoon.se\">info@missvoon.se<\/a> no later than:<\/p>\n<p>Mon &#8211; Sat: 16:30<\/p>\n<p>Or, you can place your order via telephone +46 8 505 244 70<\/p>\n<p>Please note that the order must be confirmed to be valid.<\/p>\n<p>&nbsp;<\/p>\n<p>Menu:<\/p>\n<p>CLASSIC<\/p>\n<p>SASHIMI CHEF\u2019S CHOICE\u2014 half\/full 195\/325<br \/>\nOYSTER \u2014 yuzu mignonette 50<br \/>\nEDAMAME \u2014 chili, sesame 55<br \/>\nFJORD SALMON \u2014 tartar, jalape\u00f1o, trout roe, radish 195<br \/>\nLOBSTER \u2014 taco, pineapple, shiso, shishimi 240<br \/>\nSIRLOIN \u2014 tataki, tosazu, daikon, kimchi 190<br \/>\nMUSHROOM \u2014 dumpling, truffle, nashi pear 185<br \/>\nBLACK COD \u2014 gratin\u00e9e, den miso, ginger 215<br \/>\nP O R K B E L LY \u2014 bao, kimchi, hoisin, coriander 175<br \/>\nFREE RANGE CHICKEN \u2014 yakitori, shiso pickles, japanese pepper 185<\/p>\n<p>NEW<\/p>\n<p>TUNA \u2013 crispy rice, avruga, wasabi, yuzu soy 195<br \/>\nRED SHRIMP \u2014 tempura, yuzu-kosho, spinach, sesame 185<br \/>\nVENISON \u2014 kushiyaki, wild pepper, shiitake, figs 215<br \/>\nLAMB \u2014 robata, celery root, gomadare, gochujang 220<\/p>\n<p>SWEET<\/p>\n<p>CHOCOL ATE \u2014 fondant, cherry, thaibasil ice cream 130<br \/>\nYUZU \u2013 tarte, passionfruit, papaya sorbet 125<br \/>\nMATCHA \u2014 semifreddo, coconut, mango sorbet 125<br \/>\nICE CREAM\/SORBET 4 5<br \/>\nMOCHI ICE 4 5<br \/>\nUMESHU \u2014 petit four 55<\/p>\n<p>EXTRA<\/p>\n<p>EDAMAME &#8211; 55<\/p>\n<p>RICE &#8211; 25<\/p>\n<p>KIMCHI MAYO &#8211; 25<\/p>\n<p>CHILI MAYO &#8211; 25[\/vc_column_text][dinner_menu dinner_menu_id=&#8221;3179&#8243;][\/vc_column][vc_column width=&#8221;1\/2&#8243;][tb_image src=&#8221;2282&#8243; content_style=&#8221;portrait&#8221; image_margin_bottom=&#8221;section-bottom-more-margin&#8221;][\/vc_column][\/vc_row][vc_row section_padding_top=&#8221;section-top-no-padding&#8221; section_height=&#8221;&#8221; section_bg_color=&#8221;&#8221; section_text_color=&#8221;&#8221; section_class=&#8221;tab&#8221; section_id=&#8221;tab-1-3&#8243;][vc_column width=&#8221;1\/2&#8243;][drink_menu drink_menu_id=&#8221;3105&#8243;][drink_menu drink_menu_id=&#8221;532&#8243;][tb_button button_text=&#8221;Beverage list&#8221; button_url=&#8221;url:https%3A%2F%2Fmissvoon.se%2Fwp-content%2Fuploads%2F2022%2F05%2FDRYCK-jan-2025.pdf|title:Beverage%20list|target:_blank&#8221; button_align=&#8221;tb-btn-left&#8221;][\/vc_column][vc_column width=&#8221;1\/2&#8243;][tb_image src=&#8221;194,811,198,805,199,808&#8243; content_style=&#8221;portrait&#8221;][\/vc_column][\/vc_row][vc_row section_padding_top=&#8221;section-top-no-padding&#8221; section_height=&#8221;&#8221; section_bg_color=&#8221;&#8221; section_text_color=&#8221;&#8221; section_class=&#8221;tab&#8221; section_id=&#8221;tab-1-4&#8243;][vc_column width=&#8221;1\/2&#8243;][vc_column_text]<\/p>\n<h2>Breakfast<\/h2>\n<p>Miss Voon serve breakfast every day of the week, entrance via the Elite Eden Park reception.<\/p>\n<table>\n<tbody>\n<tr>\n<td>Monday\u00a0\u2013 Friday:<\/td>\n<td>06.30 \u2013 10.00<\/td>\n<\/tr>\n<tr>\n<td>Saturday:<\/td>\n<td>07.00 \u2013 11.00<\/td>\n<\/tr>\n<tr>\n<td>Sunday:<\/td>\n<td>07.00 \u2013 11.00<\/td>\n<\/tr>\n<tr>\n<td>Price weekdays:<\/td>\n<td>SEK 170 \/ person<\/td>\n<\/tr>\n<tr>\n<td>Price weekends:<\/td>\n<td>SEK 195 \/ person<\/td>\n<\/tr>\n<\/tbody>\n<\/table>\n<p>Welcome![\/vc_column_text][\/vc_column][vc_column width=&#8221;1\/2&#8243;][tb_image src=&#8221;316&#8243; content_style=&#8221;portrait&#8221; content_size=&#8221;true&#8221;][\/vc_column][\/vc_row][vc_row section_padding_top=&#8221;section-top-no-padding&#8221; section_height=&#8221;&#8221; section_bg_color=&#8221;&#8221; section_text_color=&#8221;&#8221; section_class=&#8221;tab&#8221; section_id=&#8221;tab-2-1&#8243;][vc_column width=&#8221;1\/2&#8243;][vc_column_text]<\/p>\n<h2 style=\"text-align: center;\">Dinner<\/h2>\n<p>[\/vc_column_text][vc_column_text]<\/p>\n<p class=\"p1\" style=\"text-align: center;\">Asian cuisine combines many different flavours, often in the same meal. This is why the dishes served at Miss Voon are half-portions, making it easier to combine and share different taste sensations.\u00a0We recommend that you choose 3-4 dishes per person which is equivalent to an appetizer and main course.<\/p>\n<p>[\/vc_column_text][tb_button button_text=&#8221;Dinner Menu&#8221; button_url=&#8221;url:https%3A%2F%2Fmissvoon.se%2Fwp-content%2Fuploads%2F2022%2F05%2Fhostmeny.pdf|title:Dinner%20Menu|target:_blank&#8221; button_align=&#8221;tb-btn-left&#8221;][tb_button button_text=&#8221;Vegetarian Menu&#8221; button_url=&#8221;url:https%3A%2F%2Fmissvoon.se%2Fwp-content%2Fuploads%2F2022%2F05%2FVegmeny.pdf|title:Vegetarian%20Menu|target:_blank&#8221; button_align=&#8221;tb-btn-left&#8221;][\/vc_column][vc_column width=&#8221;1\/2&#8243;][tb_image src=&#8221;620&#8243; content_style=&#8221;portrait&#8221;][\/vc_column][\/vc_row][vc_row section_padding_top=&#8221;section-top-no-padding&#8221; section_height=&#8221;&#8221; section_bg_color=&#8221;&#8221; section_text_color=&#8221;&#8221; section_class=&#8221;tab&#8221; section_id=&#8221;tab-2-2&#8243;][vc_column width=&#8221;1\/2&#8243;][vc_column_text css=&#8221;&#8221;]Miss Voon Uppsala is only open during the evenings. However, we welcome parties of 20 or more who wish to visit us for lunch to please contact <a href=\"mailto:info.uppsala@missvoon.se\" target=\"_blank\" rel=\"noopener\">info.uppsala@missvoon.se<\/a>\u00a0and we will help you make a reservation and for more information.[\/vc_column_text][\/vc_column][vc_column width=&#8221;1\/2&#8243;][tb_image src=&#8221;413&#8243; content_style=&#8221;portrait&#8221; image_margin_bottom=&#8221;section-bottom-more-margin&#8221;][\/vc_column][\/vc_row][vc_row section_padding_top=&#8221;section-top-no-padding&#8221; section_height=&#8221;&#8221; section_bg_color=&#8221;&#8221; section_text_color=&#8221;&#8221; section_class=&#8221;tab&#8221; section_id=&#8221;tab-2-4&#8243;][vc_column width=&#8221;1\/2&#8243;][vc_column_text]<\/p>\n<h2>Take away<\/h2>\n<p>17:00 &#8211; 21:00<br \/>\nMonday &#8211; Thursday<\/p>\n<p>17:00 &#8211; 21:00<br \/>\nFridays &#8211; Saturdays<\/p>\n<p>&nbsp;<\/p>\n<p>Send your order <a href=\"mailto:info.uppsala@missvoon.se\">info.uppsala@missvoon.se<\/a><\/p>\n<p>After 17:00 you can call us on 018-472 25 00<\/p>\n<p>Please note that the order must be confirmed to be valid.[\/vc_column_text][dinner_menu dinner_menu_id=&#8221;3183&#8243;][\/vc_column][vc_column width=&#8221;1\/2&#8243;][tb_image src=&#8221;2282&#8243; content_style=&#8221;portrait&#8221; image_margin_bottom=&#8221;section-bottom-more-margin&#8221;][\/vc_column][\/vc_row][vc_row section_padding_top=&#8221;section-top-no-padding&#8221; section_height=&#8221;&#8221; section_bg_color=&#8221;&#8221; section_text_color=&#8221;&#8221; section_class=&#8221;tab&#8221; section_id=&#8221;tab-2-3&#8243;][vc_column width=&#8221;1\/2&#8243;][drink_menu drink_menu_id=&#8221;1119&#8243;][drink_menu drink_menu_id=&#8221;1113&#8243;][\/vc_column][vc_column width=&#8221;1\/2&#8243;][tb_image src=&#8221;194,811,198,805,199,808&#8243; content_style=&#8221;portrait&#8221;][\/vc_column][\/vc_row][vc_row section_padding_top=&#8221;section-top-no-padding&#8221; section_height=&#8221;&#8221; section_bg_color=&#8221;&#8221; section_text_color=&#8221;&#8221; section_class=&#8221;tab&#8221; section_id=&#8221;tab-3-1&#8243;][vc_column width=&#8221;1\/2&#8243;][vc_column_text]<\/p>\n<h2 style=\"text-align: center;\">Dinner<\/h2>\n<p>[\/vc_column_text][vc_column_text]<\/p>\n<p class=\"p1\" style=\"text-align: center;\">Asian cuisine combines many different flavours, often in the same meal. This is why the dishes served at Miss Voon are half-portions, making it easier to combine and share different taste sensations.\u00a0We recommend that you choose 3-4 dishes per person which is equivalent to an appetizer and main course.<\/p>\n<p class=\"p1\" style=\"text-align: center;\">More information coming soon.<\/p>\n<p>[\/vc_column_text][tb_button button_text=&#8221;Dinner Menu&#8221; button_url=&#8221;url:https%3A%2F%2Fmissvoon.se%2Fwp-content%2Fuploads%2F2022%2F05%2Fhostmeny.pdf|title:Dinner%20Menu|target:_blank&#8221; button_align=&#8221;tb-btn-left&#8221;][tb_button button_text=&#8221;Vegetarian Menu&#8221; button_url=&#8221;url:https%3A%2F%2Fmissvoon.se%2Fwp-content%2Fuploads%2F2022%2F05%2FVegmeny.pdf|title:Vegetarian%20Menu|target:_blank&#8221; button_align=&#8221;tb-btn-left&#8221;][\/vc_column][vc_column width=&#8221;1\/2&#8243;][tb_image src=&#8221;620&#8243; content_style=&#8221;portrait&#8221;][\/vc_column][\/vc_row][vc_row section_padding_top=&#8221;section-top-no-padding&#8221; section_height=&#8221;&#8221; section_bg_color=&#8221;&#8221; section_text_color=&#8221;&#8221; section_class=&#8221;tab&#8221; section_id=&#8221;tab-3-3&#8243;][vc_column width=&#8221;1\/2&#8243;][vc_column_text]<\/p>\n<h3>Bar<\/h3>\n<p>[\/vc_column_text][drink_menu drink_menu_id=&#8221;2754&#8243;][drink_menu drink_menu_id=&#8221;2758&#8243;][\/vc_column][vc_column width=&#8221;1\/2&#8243;][tb_image src=&#8221;194,811,198,805,199,808&#8243; content_style=&#8221;portrait&#8221;][\/vc_column][\/vc_row]<\/p>\n<\/div>","protected":false},"excerpt":{"rendered":"<p>[vc_row section_width=&#8221;section-full&#8221; section_padding_top=&#8221;section-top-no-padding&#8221; section_padding_bottom=&#8221;section-bottom-no-padding&#8221; section_height=&#8221;0&#8243; section_text_color=&#8221;#ffffff&#8221; section_bg_image=&#8221;http:\/\/www.missvoon.se\/wp-content\/uploads\/2017\/02\/gold-texture.jpg&#8221;][vc_column][tb_gallery show_cat=&#8221;11&#8243;][\/vc_column][\/vc_row][vc_row section_padding_top=&#8221;section-top-padding&#8221; section_padding_bottom=&#8221;section-bottom-no-padding&#8221; section_class=&#8221;tabs&#8221;][vc_column][tb_button button_text=&#8221;Stockholm&#8221; button_url=&#8221;url:%23|||&#8221; button_size=&#8221;tb-btn-medium&#8221; button_class=&#8221;tab-btn tab-btn-1 selected&#8221;][tb_button button_text=&#8221;Uppsala&#8221; button_url=&#8221;url:%23|||&#8221; button_size=&#8221;tb-btn-medium&#8221; button_class=&#8221;tab-btn tab-btn-2&#8243;][tb_button button_text=&#8221;Skellefte\u00e5&#8221; button_url=&#8221;url:%23|||&#8221; button_size=&#8221;tb-btn-medium&#8221; button_class=&#8221;tab-btn tab-btn-3&#8243;][\/vc_column][\/vc_row][vc_row section_padding_top=&#8221;section-top-no-padding&#8221; section_padding_bottom=&#8221;section-bottom-padding&#8221; section_class=&#8221;tabs&#8221;][vc_column][tb_button button_text=&#8221;Menu&#8221; button_url=&#8221;url:%23|||&#8221; button_size=&#8221;tb-btn-small&#8221; button_class=&#8221;tab-btn tab-btn-1-1 selected&#8221;][tb_button button_text=&#8221;Lunch&#8221; button_url=&#8221;url:%23&#8243; button_size=&#8221;tb-btn-small&#8221; button_class=&#8221;tab-btn tab-btn-1-2&#8243;][tb_button button_text=&#8221;Bar&#8221; button_url=&#8221;url:%23|||&#8221; button_size=&#8221;tb-btn-small&#8221; button_class=&#8221;tab-btn tab-btn-1-3&#8243;][tb_button button_text=&#8221;Breakfast&#8221; button_url=&#8221;url:%23|||&#8221; button_size=&#8221;tb-btn-small&#8221; button_class=&#8221;tab-btn tab-btn-1-4&#8243;][tb_button button_text=&#8221;Menu&#8221; button_url=&#8221;url:%23|||&#8221; button_size=&#8221;tb-btn-small&#8221; button_class=&#8221;tab-btn [&hellip;]<\/p>\n","protected":false},"author":1,"featured_media":0,"parent":0,"menu_order":10,"comment_status":"closed","ping_status":"closed","template":"","meta":{"_acf_changed":false,"footnotes":""},"class_list":["post-646","page","type-page","status-publish","hentry"],"acf":[],"yoast_head":"<!-- This site is optimized with the Yoast SEO plugin v27.1.1 - https:\/\/yoast.com\/product\/yoast-seo-wordpress\/ -->\n<title>Menus - Miss Voon<\/title>\n<meta name=\"description\" content=\"Asian cuisine combines many different flavors. Our menu includes 15 savory and sweet dishes 5. In Stockholm, we also serve lunch and breakfast.\" \/>\n<meta name=\"robots\" content=\"index, follow, max-snippet:-1, max-image-preview:large, max-video-preview:-1\" \/>\n<link rel=\"canonical\" href=\"https:\/\/missvoon.se\/en\/menus\/\" \/>\n<meta property=\"og:locale\" content=\"en_US\" \/>\n<meta property=\"og:type\" content=\"article\" \/>\n<meta property=\"og:title\" content=\"Menus - Miss Voon\" \/>\n<meta property=\"og:description\" content=\"Asian cuisine combines many different flavors. Our menu includes 15 savory and sweet dishes 5. In Stockholm, we also serve lunch and breakfast.\" \/>\n<meta property=\"og:url\" content=\"https:\/\/missvoon.se\/en\/menus\/\" \/>\n<meta property=\"og:site_name\" content=\"Miss Voon\" \/>\n<meta property=\"article:publisher\" content=\"https:\/\/www.facebook.com\/Miss-Voon-231799376866099\/\" \/>\n<meta property=\"article:modified_time\" content=\"2026-01-13T15:28:46+00:00\" \/>\n<meta name=\"twitter:card\" content=\"summary_large_image\" \/>\n<meta name=\"twitter:label1\" content=\"Est. reading time\" \/>\n\t<meta name=\"twitter:data1\" content=\"9 minutes\" \/>\n<script type=\"application\/ld+json\" class=\"yoast-schema-graph\">{\"@context\":\"https:\/\/schema.org\",\"@graph\":[{\"@type\":\"WebPage\",\"@id\":\"https:\/\/missvoon.se\/en\/menus\/\",\"url\":\"https:\/\/missvoon.se\/en\/menus\/\",\"name\":\"Menus - Miss Voon\",\"isPartOf\":{\"@id\":\"https:\/\/missvoon.se\/#website\"},\"datePublished\":\"2017-02-15T09:35:25+00:00\",\"dateModified\":\"2026-01-13T15:28:46+00:00\",\"description\":\"Asian cuisine combines many different flavors. Our menu includes 15 savory and sweet dishes 5. In Stockholm, we also serve lunch and breakfast.\",\"breadcrumb\":{\"@id\":\"https:\/\/missvoon.se\/en\/menus\/#breadcrumb\"},\"inLanguage\":\"en-US\",\"potentialAction\":[{\"@type\":\"ReadAction\",\"target\":[\"https:\/\/missvoon.se\/en\/menus\/\"]}]},{\"@type\":\"BreadcrumbList\",\"@id\":\"https:\/\/missvoon.se\/en\/menus\/#breadcrumb\",\"itemListElement\":[{\"@type\":\"ListItem\",\"position\":1,\"name\":\"Hem\",\"item\":\"https:\/\/missvoon.se\/en\/\"},{\"@type\":\"ListItem\",\"position\":2,\"name\":\"Menus\"}]},{\"@type\":\"WebSite\",\"@id\":\"https:\/\/missvoon.se\/#website\",\"url\":\"https:\/\/missvoon.se\/\",\"name\":\"Miss Voon\",\"description\":\"Miss Voon \u00e4r en restaurang som kombinerar smaker fr\u00e5n de asiatiska k\u00f6ken med en europeisk grund.\",\"potentialAction\":[{\"@type\":\"SearchAction\",\"target\":{\"@type\":\"EntryPoint\",\"urlTemplate\":\"https:\/\/missvoon.se\/?s={search_term_string}\"},\"query-input\":{\"@type\":\"PropertyValueSpecification\",\"valueRequired\":true,\"valueName\":\"search_term_string\"}}],\"inLanguage\":\"en-US\"}]}<\/script>\n<!-- \/ Yoast SEO plugin. -->","yoast_head_json":{"title":"Menus - Miss Voon","description":"Asian cuisine combines many different flavors. Our menu includes 15 savory and sweet dishes 5. In Stockholm, we also serve lunch and breakfast.","robots":{"index":"index","follow":"follow","max-snippet":"max-snippet:-1","max-image-preview":"max-image-preview:large","max-video-preview":"max-video-preview:-1"},"canonical":"https:\/\/missvoon.se\/en\/menus\/","og_locale":"en_US","og_type":"article","og_title":"Menus - Miss Voon","og_description":"Asian cuisine combines many different flavors. Our menu includes 15 savory and sweet dishes 5. In Stockholm, we also serve lunch and breakfast.","og_url":"https:\/\/missvoon.se\/en\/menus\/","og_site_name":"Miss Voon","article_publisher":"https:\/\/www.facebook.com\/Miss-Voon-231799376866099\/","article_modified_time":"2026-01-13T15:28:46+00:00","twitter_card":"summary_large_image","twitter_misc":{"Est. reading time":"9 minutes"},"schema":{"@context":"https:\/\/schema.org","@graph":[{"@type":"WebPage","@id":"https:\/\/missvoon.se\/en\/menus\/","url":"https:\/\/missvoon.se\/en\/menus\/","name":"Menus - Miss Voon","isPartOf":{"@id":"https:\/\/missvoon.se\/#website"},"datePublished":"2017-02-15T09:35:25+00:00","dateModified":"2026-01-13T15:28:46+00:00","description":"Asian cuisine combines many different flavors. Our menu includes 15 savory and sweet dishes 5. In Stockholm, we also serve lunch and breakfast.","breadcrumb":{"@id":"https:\/\/missvoon.se\/en\/menus\/#breadcrumb"},"inLanguage":"en-US","potentialAction":[{"@type":"ReadAction","target":["https:\/\/missvoon.se\/en\/menus\/"]}]},{"@type":"BreadcrumbList","@id":"https:\/\/missvoon.se\/en\/menus\/#breadcrumb","itemListElement":[{"@type":"ListItem","position":1,"name":"Hem","item":"https:\/\/missvoon.se\/en\/"},{"@type":"ListItem","position":2,"name":"Menus"}]},{"@type":"WebSite","@id":"https:\/\/missvoon.se\/#website","url":"https:\/\/missvoon.se\/","name":"Miss Voon","description":"Miss Voon \u00e4r en restaurang som kombinerar smaker fr\u00e5n de asiatiska k\u00f6ken med en europeisk grund.","potentialAction":[{"@type":"SearchAction","target":{"@type":"EntryPoint","urlTemplate":"https:\/\/missvoon.se\/?s={search_term_string}"},"query-input":{"@type":"PropertyValueSpecification","valueRequired":true,"valueName":"search_term_string"}}],"inLanguage":"en-US"}]}},"_links":{"self":[{"href":"https:\/\/missvoon.se\/en\/wp-json\/wp\/v2\/pages\/646","targetHints":{"allow":["GET"]}}],"collection":[{"href":"https:\/\/missvoon.se\/en\/wp-json\/wp\/v2\/pages"}],"about":[{"href":"https:\/\/missvoon.se\/en\/wp-json\/wp\/v2\/types\/page"}],"author":[{"embeddable":true,"href":"https:\/\/missvoon.se\/en\/wp-json\/wp\/v2\/users\/1"}],"replies":[{"embeddable":true,"href":"https:\/\/missvoon.se\/en\/wp-json\/wp\/v2\/comments?post=646"}],"version-history":[{"count":152,"href":"https:\/\/missvoon.se\/en\/wp-json\/wp\/v2\/pages\/646\/revisions"}],"predecessor-version":[{"id":4254,"href":"https:\/\/missvoon.se\/en\/wp-json\/wp\/v2\/pages\/646\/revisions\/4254"}],"wp:attachment":[{"href":"https:\/\/missvoon.se\/en\/wp-json\/wp\/v2\/media?parent=646"}],"curies":[{"name":"wp","href":"https:\/\/api.w.org\/{rel}","templated":true}]}}